{"id":10259,"date":"2023-03-20T16:19:20","date_gmt":"2023-03-20T15:19:20","guid":{"rendered":"https:\/\/gem-equitation.fr\/lookbook\/?page_id=10259"},"modified":"2026-02-17T10:03:44","modified_gmt":"2026-02-17T09:03:44","slug":"devenir-revendeur-gem-equitation","status":"publish","type":"page","link":"https:\/\/gem-equitation.fr\/lookbook\/devenir-revendeur-gem-equitation\/","title":{"rendered":"Devenir revendeur GEM Equitation"},"content":{"rendered":"<section class=\"l-section wpb_row height_medium full_height valign_center with_img\"><div class=\"l-section-img\" role=\"img\" data-img-width=\"1707\" data-img-height=\"2560\" style=\"background-image: url(https:\/\/gem-equitation.fr\/lookbook\/wp-content\/uploads\/2026\/02\/gem-59-scaled.jpg);\"><\/div><div class=\"l-section-h i-cf\"><div class=\"g-cols vc_row via_flex valign_top type_default stacking_default\"><div class=\"vc_col-sm-12 wpb_column vc_column_container\"><div class=\"vc_column-inner\"><div class=\"wpb_wrapper\"><div class=\"g-cols wpb_row via_flex valign_top type_default stacking_default\"><div class=\"vc_col-sm-2 wpb_column vc_column_container\"><div class=\"vc_column-inner\"><div class=\"wpb_wrapper\"><\/div><\/div><\/div><div class=\"vc_col-sm-8 wpb_column vc_column_container has_bg_color\"><div class=\"vc_column-inner us_custom_a4ebc605\"><div class=\"wpb_wrapper\">[vc_custom_heading text=\u00a0\u00bbJe deviens revendeur GEM\u00a0\u00bb font_container=\u00a0\u00bbtag:h1|text_align:left\u00a0\u00bb use_theme_fonts=\u00a0\u00bbyes\u00a0\u00bb css=\u00a0\u00bb%7B%22default%22%3A%7B%22font-size%22%3A%222rem%22%2C%22font-weight%22%3A%22600%22%7D%7D\u00a0\u00bb]<div class=\"wpforms-container \" id=\"wpforms-10262\"><form id=\"wpforms-form-10262\" class=\"wpforms-validate wpforms-form wpforms-ajax-form\" data-formid=\"10262\" method=\"post\" enctype=\"multipart\/form-data\" action=\"\/lookbook\/wp-json\/wp\/v2\/pages\/10259\" data-token=\"8e569421839e4974c804610f0abfa2c9\" data-token-time=\"1776944304\"><noscript class=\"wpforms-error-noscript\">Veuillez activer JavaScript dans votre navigateur pour remplir ce formulaire.<\/noscript><div class=\"wpforms-field-container\"><div id=\"wpforms-10262-field_3-container\" class=\"wpforms-field wpforms-field-text\" data-field-id=\"3\"><label class=\"wpforms-field-label wpforms-label-hide\" for=\"wpforms-10262-field_3\">Nom de votre sellerie <span class=\"wpforms-required-label\">*<\/span><\/label><input type=\"text\" id=\"wpforms-10262-field_3\" class=\"wpforms-field-large wpforms-field-required\" name=\"wpforms[fields][3]\" placeholder=\"Nom de votre sellerie\" required><\/div><div id=\"wpforms-10262-field_5-container\" class=\"wpforms-field wpforms-field-text\" data-field-id=\"5\"><label class=\"wpforms-field-label wpforms-label-hide\" for=\"wpforms-10262-field_5\">Adresse postale <span class=\"wpforms-required-label\">*<\/span><\/label><input type=\"text\" id=\"wpforms-10262-field_5\" class=\"wpforms-field-large wpforms-field-required\" name=\"wpforms[fields][5]\" placeholder=\"Adresse postale\" required><\/div><div id=\"wpforms-10262-field_7-container\" class=\"wpforms-field wpforms-field-text\" data-field-id=\"7\"><label class=\"wpforms-field-label wpforms-label-hide\" for=\"wpforms-10262-field_7\">E-mail (copier) <span class=\"wpforms-required-label\">*<\/span><\/label><input type=\"text\" id=\"wpforms-10262-field_7\" class=\"wpforms-field-large wpforms-field-required\" name=\"wpforms[fields][7]\" placeholder=\"E-mail\" required><\/div><div id=\"wpforms-10262-field_6-container\" class=\"wpforms-field wpforms-field-phone\" data-field-id=\"6\"><label class=\"wpforms-field-label wpforms-label-hide\" for=\"wpforms-10262-field_6\">T\u00e9l\u00e9phone<\/label><input type=\"tel\" id=\"wpforms-10262-field_6\" class=\"wpforms-field-large wpforms-smart-phone-field\" data-rule-smart-phone-field=\"true\" name=\"wpforms[fields][6]\" placeholder=\"T\u00e9l\u00e9phone\" aria-label=\"T\u00e9l\u00e9phone\" ><\/div><div id=\"wpforms-10262-field_4-container\" class=\"wpforms-field wpforms-field-text\" data-field-id=\"4\"><label class=\"wpforms-field-label wpforms-label-hide\" for=\"wpforms-10262-field_4\">N\u00b0 de SIRET<\/label><input type=\"text\" id=\"wpforms-10262-field_4\" class=\"wpforms-field-large\" name=\"wpforms[fields][4]\" placeholder=\"N\u00b0 de SIRET\" ><\/div><\/div><!-- .wpforms-field-container --><div class=\"wpforms-recaptcha-container wpforms-is-recaptcha wpforms-is-recaptcha-type-v3\" ><input type=\"hidden\" name=\"wpforms[recaptcha]\" value=\"\"><\/div><div class=\"wpforms-submit-container\" ><input type=\"hidden\" name=\"wpforms[id]\" value=\"10262\"><input type=\"hidden\" name=\"page_title\" value=\"\"><input type=\"hidden\" name=\"page_url\" value=\"https:\/\/gem-equitation.fr\/lookbook\/wp-json\/wp\/v2\/pages\/10259\"><input type=\"hidden\" name=\"url_referer\" value=\"\"><button type=\"submit\" name=\"wpforms[submit]\" id=\"wpforms-submit-10262\" class=\"wpforms-submit\" data-alt-text=\"Envoi...\" data-submit-text=\"CONTINUER\" aria-live=\"assertive\" value=\"wpforms-submit\">CONTINUER<\/button><img loading=\"lazy\" decoding=\"async\" src=\"https:\/\/gem-equitation.fr\/lookbook\/wp-content\/plugins\/wpforms\/assets\/images\/submit-spin.svg\" class=\"wpforms-submit-spinner\" style=\"display: none;\" width=\"26\" height=\"26\" alt=\"Chargement en cours\"><\/div><\/form><\/div>  <!-- .wpforms-container --><\/div><\/div><\/div><div class=\"vc_col-sm-2 wpb_column vc_column_container\"><div class=\"vc_column-inner\"><div class=\"wpb_wrapper\"><\/div><\/div><\/div><\/div><\/div><\/div><\/div><\/div><\/div><\/section>\n","protected":false},"excerpt":{"rendered":"[vc_custom_heading text=\"Je deviens revendeur GEM\" font_container=\"tag:h1|text_align:left\" use_theme_fonts=\"yes\" css=\"%7B%22default%22%3A%7B%22font-size%22%3A%222rem%22%2C%22font-weight%22%3A%22600%22%7D%7D\"]Veuillez activer JavaScript dans votre navigateur pour remplir ce formulaire.Nom de votre sellerie *Adresse postale *E-mail (copier) *T\u00e9l\u00e9phoneN\u00b0 de SIRETCONTINUER","protected":false},"author":4,"featured_media":0,"parent":0,"menu_order":0,"comment_status":"closed","ping_status":"closed","template":"","meta":{"_acf_changed":false,"inline_featured_image":false,"_monsterinsights_skip_tracking":false,"_monsterinsights_sitenote_active":false,"_monsterinsights_sitenote_note":"","_monsterinsights_sitenote_category":0,"footnotes":""},"class_list":["post-10259","page","type-page","status-publish","hentry"],"acf":[],"aioseo_notices":[],"yoast_head":"<!-- This site is optimized with the Yoast SEO plugin v26.8 - https:\/\/yoast.com\/product\/yoast-seo-wordpress\/ -->\n<title>Devenir revendeur GEM Equitation - V\u00eatements et accessoires personnalisables Gem \u00e9quitation Lookbook<\/title>\n<meta name=\"robots\" content=\"index, follow, max-snippet:-1, max-image-preview:large, max-video-preview:-1\" \/>\n<link rel=\"canonical\" href=\"https:\/\/gem-equitation.fr\/lookbook\/devenir-revendeur-gem-equitation\/\" \/>\n<meta property=\"og:locale\" content=\"fr_FR\" \/>\n<meta property=\"og:type\" content=\"article\" \/>\n<meta property=\"og:title\" content=\"Devenir revendeur GEM Equitation - V\u00eatements et accessoires personnalisables Gem \u00e9quitation Lookbook\" \/>\n<meta property=\"og:url\" content=\"https:\/\/gem-equitation.fr\/lookbook\/devenir-revendeur-gem-equitation\/\" \/>\n<meta property=\"og:site_name\" content=\"V\u00eatements et accessoires personnalisables Gem \u00e9quitation Lookbook\" \/>\n<meta property=\"article:publisher\" content=\"https:\/\/www.facebook.com\/GEMequitation\/\" \/>\n<meta property=\"article:modified_time\" content=\"2026-02-17T09:03:44+00:00\" \/>\n<meta name=\"twitter:card\" content=\"summary_large_image\" \/>\n<meta name=\"twitter:label1\" content=\"Dur\u00e9e de lecture estim\u00e9e\" \/>\n\t<meta name=\"twitter:data1\" content=\"1 minute\" \/>\n<script type=\"application\/ld+json\" class=\"yoast-schema-graph\">{\"@context\":\"https:\/\/schema.org\",\"@graph\":[{\"@type\":\"WebPage\",\"@id\":\"https:\/\/gem-equitation.fr\/lookbook\/devenir-revendeur-gem-equitation\/\",\"url\":\"https:\/\/gem-equitation.fr\/lookbook\/devenir-revendeur-gem-equitation\/\",\"name\":\"Devenir revendeur GEM Equitation - V\u00eatements et accessoires personnalisables Gem \u00e9quitation Lookbook\",\"isPartOf\":{\"@id\":\"https:\/\/gem-equitation.fr\/lookbook\/#website\"},\"datePublished\":\"2023-03-20T15:19:20+00:00\",\"dateModified\":\"2026-02-17T09:03:44+00:00\",\"breadcrumb\":{\"@id\":\"https:\/\/gem-equitation.fr\/lookbook\/devenir-revendeur-gem-equitation\/#breadcrumb\"},\"inLanguage\":\"fr-FR\",\"potentialAction\":[{\"@type\":\"ReadAction\",\"target\":[\"https:\/\/gem-equitation.fr\/lookbook\/devenir-revendeur-gem-equitation\/\"]}]},{\"@type\":\"BreadcrumbList\",\"@id\":\"https:\/\/gem-equitation.fr\/lookbook\/devenir-revendeur-gem-equitation\/#breadcrumb\",\"itemListElement\":[{\"@type\":\"ListItem\",\"position\":1,\"name\":\"Accueil\",\"item\":\"https:\/\/gem-equitation.fr\/lookbook\/\"},{\"@type\":\"ListItem\",\"position\":2,\"name\":\"Devenir revendeur GEM Equitation\"}]},{\"@type\":\"WebSite\",\"@id\":\"https:\/\/gem-equitation.fr\/lookbook\/#website\",\"url\":\"https:\/\/gem-equitation.fr\/lookbook\/\",\"name\":\"V\u00eatements et accessoires personnalisables Gem \u00e9quitation Lookbook\",\"description\":\"V\u00eatements et accessoires personnalisables\",\"publisher\":{\"@id\":\"https:\/\/gem-equitation.fr\/lookbook\/#organization\"},\"potentialAction\":[{\"@type\":\"SearchAction\",\"target\":{\"@type\":\"EntryPoint\",\"urlTemplate\":\"https:\/\/gem-equitation.fr\/lookbook\/?s={search_term_string}\"},\"query-input\":{\"@type\":\"PropertyValueSpecification\",\"valueRequired\":true,\"valueName\":\"search_term_string\"}}],\"inLanguage\":\"fr-FR\"},{\"@type\":\"Organization\",\"@id\":\"https:\/\/gem-equitation.fr\/lookbook\/#organization\",\"name\":\"V\u00eatements et accessoires personnalisables Gem \u00e9quitation Lookbook\",\"url\":\"https:\/\/gem-equitation.fr\/lookbook\/\",\"logo\":{\"@type\":\"ImageObject\",\"inLanguage\":\"fr-FR\",\"@id\":\"https:\/\/gem-equitation.fr\/lookbook\/#\/schema\/logo\/image\/\",\"url\":\"https:\/\/gem-equitation.fr\/lookbook\/wp-content\/uploads\/2023\/03\/logo-1678185479.png\",\"contentUrl\":\"https:\/\/gem-equitation.fr\/lookbook\/wp-content\/uploads\/2023\/03\/logo-1678185479.png\",\"width\":500,\"height\":190,\"caption\":\"V\u00eatements et accessoires personnalisables Gem \u00e9quitation Lookbook\"},\"image\":{\"@id\":\"https:\/\/gem-equitation.fr\/lookbook\/#\/schema\/logo\/image\/\"},\"sameAs\":[\"https:\/\/www.facebook.com\/GEMequitation\/\",\"https:\/\/www.instagram.com\/GEMequitation\/\",\"https:\/\/www.pinterest.fr\/GEMequitation\/\"]}]}<\/script>\n<!-- \/ Yoast SEO plugin. -->","yoast_head_json":{"title":"Devenir revendeur GEM Equitation - V\u00eatements et accessoires personnalisables Gem \u00e9quitation Lookbook","robots":{"index":"index","follow":"follow","max-snippet":"max-snippet:-1","max-image-preview":"max-image-preview:large","max-video-preview":"max-video-preview:-1"},"canonical":"https:\/\/gem-equitation.fr\/lookbook\/devenir-revendeur-gem-equitation\/","og_locale":"fr_FR","og_type":"article","og_title":"Devenir revendeur GEM Equitation - V\u00eatements et accessoires personnalisables Gem \u00e9quitation Lookbook","og_url":"https:\/\/gem-equitation.fr\/lookbook\/devenir-revendeur-gem-equitation\/","og_site_name":"V\u00eatements et accessoires personnalisables Gem \u00e9quitation Lookbook","article_publisher":"https:\/\/www.facebook.com\/GEMequitation\/","article_modified_time":"2026-02-17T09:03:44+00:00","twitter_card":"summary_large_image","twitter_misc":{"Dur\u00e9e de lecture estim\u00e9e":"1 minute"},"schema":{"@context":"https:\/\/schema.org","@graph":[{"@type":"WebPage","@id":"https:\/\/gem-equitation.fr\/lookbook\/devenir-revendeur-gem-equitation\/","url":"https:\/\/gem-equitation.fr\/lookbook\/devenir-revendeur-gem-equitation\/","name":"Devenir revendeur GEM Equitation - V\u00eatements et accessoires personnalisables Gem \u00e9quitation Lookbook","isPartOf":{"@id":"https:\/\/gem-equitation.fr\/lookbook\/#website"},"datePublished":"2023-03-20T15:19:20+00:00","dateModified":"2026-02-17T09:03:44+00:00","breadcrumb":{"@id":"https:\/\/gem-equitation.fr\/lookbook\/devenir-revendeur-gem-equitation\/#breadcrumb"},"inLanguage":"fr-FR","potentialAction":[{"@type":"ReadAction","target":["https:\/\/gem-equitation.fr\/lookbook\/devenir-revendeur-gem-equitation\/"]}]},{"@type":"BreadcrumbList","@id":"https:\/\/gem-equitation.fr\/lookbook\/devenir-revendeur-gem-equitation\/#breadcrumb","itemListElement":[{"@type":"ListItem","position":1,"name":"Accueil","item":"https:\/\/gem-equitation.fr\/lookbook\/"},{"@type":"ListItem","position":2,"name":"Devenir revendeur GEM Equitation"}]},{"@type":"WebSite","@id":"https:\/\/gem-equitation.fr\/lookbook\/#website","url":"https:\/\/gem-equitation.fr\/lookbook\/","name":"V\u00eatements et accessoires personnalisables Gem \u00e9quitation Lookbook","description":"V\u00eatements et accessoires personnalisables","publisher":{"@id":"https:\/\/gem-equitation.fr\/lookbook\/#organization"},"potentialAction":[{"@type":"SearchAction","target":{"@type":"EntryPoint","urlTemplate":"https:\/\/gem-equitation.fr\/lookbook\/?s={search_term_string}"},"query-input":{"@type":"PropertyValueSpecification","valueRequired":true,"valueName":"search_term_string"}}],"inLanguage":"fr-FR"},{"@type":"Organization","@id":"https:\/\/gem-equitation.fr\/lookbook\/#organization","name":"V\u00eatements et accessoires personnalisables Gem \u00e9quitation Lookbook","url":"https:\/\/gem-equitation.fr\/lookbook\/","logo":{"@type":"ImageObject","inLanguage":"fr-FR","@id":"https:\/\/gem-equitation.fr\/lookbook\/#\/schema\/logo\/image\/","url":"https:\/\/gem-equitation.fr\/lookbook\/wp-content\/uploads\/2023\/03\/logo-1678185479.png","contentUrl":"https:\/\/gem-equitation.fr\/lookbook\/wp-content\/uploads\/2023\/03\/logo-1678185479.png","width":500,"height":190,"caption":"V\u00eatements et accessoires personnalisables Gem \u00e9quitation Lookbook"},"image":{"@id":"https:\/\/gem-equitation.fr\/lookbook\/#\/schema\/logo\/image\/"},"sameAs":["https:\/\/www.facebook.com\/GEMequitation\/","https:\/\/www.instagram.com\/GEMequitation\/","https:\/\/www.pinterest.fr\/GEMequitation\/"]}]}},"_links":{"self":[{"href":"https:\/\/gem-equitation.fr\/lookbook\/wp-json\/wp\/v2\/pages\/10259","targetHints":{"allow":["GET"]}}],"collection":[{"href":"https:\/\/gem-equitation.fr\/lookbook\/wp-json\/wp\/v2\/pages"}],"about":[{"href":"https:\/\/gem-equitation.fr\/lookbook\/wp-json\/wp\/v2\/types\/page"}],"author":[{"embeddable":true,"href":"https:\/\/gem-equitation.fr\/lookbook\/wp-json\/wp\/v2\/users\/4"}],"replies":[{"embeddable":true,"href":"https:\/\/gem-equitation.fr\/lookbook\/wp-json\/wp\/v2\/comments?post=10259"}],"version-history":[{"count":10,"href":"https:\/\/gem-equitation.fr\/lookbook\/wp-json\/wp\/v2\/pages\/10259\/revisions"}],"predecessor-version":[{"id":10650,"href":"https:\/\/gem-equitation.fr\/lookbook\/wp-json\/wp\/v2\/pages\/10259\/revisions\/10650"}],"wp:attachment":[{"href":"https:\/\/gem-equitation.fr\/lookbook\/wp-json\/wp\/v2\/media?parent=10259"}],"curies":[{"name":"wp","href":"https:\/\/api.w.org\/{rel}","templated":true}]}}