{"id":10306,"date":"2023-05-29T14:10:19","date_gmt":"2023-05-29T12:10:19","guid":{"rendered":"https:\/\/gem-equitation.fr\/lookbook\/?page_id=10306"},"modified":"2025-03-10T17:15:08","modified_gmt":"2025-03-10T16:15:08","slug":"nos-boutiques","status":"publish","type":"page","link":"https:\/\/gem-equitation.fr\/lookbook\/nos-boutiques\/","title":{"rendered":"Nos boutiques"},"content":{"rendered":"<section class=\"l-section wpb_row height_medium full_height valign_center\"><div class=\"l-section-overlay\" style=\"background:#f7f7f7\"><\/div><div class=\"l-section-h i-cf\"><div class=\"g-cols vc_row via_flex valign_top type_default stacking_default\"><div class=\"vc_col-sm-12 wpb_column vc_column_container\"><div class=\"vc_column-inner\"><div class=\"wpb_wrapper\">[vc_raw_html]JTVCQVNMX1NUT1JFTE9DQVRPUiU1RA==[\/vc_raw_html]<\/div><\/div><\/div><\/div><\/div><\/section>\n","protected":false},"excerpt":{"rendered":"[vc_raw_html]JTVCQVNMX1NUT1JFTE9DQVRPUiU1RA==[\/vc_raw_html]","protected":false},"author":4,"featured_media":0,"parent":0,"menu_order":0,"comment_status":"closed","ping_status":"closed","template":"","meta":{"_acf_changed":false,"inline_featured_image":false,"_monsterinsights_skip_tracking":false,"_monsterinsights_sitenote_active":false,"_monsterinsights_sitenote_note":"","_monsterinsights_sitenote_category":0,"footnotes":""},"class_list":["post-10306","page","type-page","status-publish","hentry"],"acf":[],"aioseo_notices":[],"yoast_head":"<!-- This site is optimized with the Yoast SEO plugin v26.8 - https:\/\/yoast.com\/product\/yoast-seo-wordpress\/ -->\n<title>Nos boutiques - V\u00eatements et accessoires personnalisables Gem \u00e9quitation Lookbook<\/title>\n<meta name=\"description\" content=\"Retrouvez toutes nos boutiques de selleries partenaires sur notre carte interactive. Partout dans toute la France nos points de ventes.\" \/>\n<meta name=\"robots\" content=\"index, follow, max-snippet:-1, max-image-preview:large, max-video-preview:-1\" \/>\n<link rel=\"canonical\" href=\"https:\/\/gem-equitation.fr\/lookbook\/nos-boutiques\/\" \/>\n<meta property=\"og:locale\" content=\"fr_FR\" \/>\n<meta property=\"og:type\" content=\"article\" \/>\n<meta property=\"og:title\" content=\"Nos boutiques - V\u00eatements et accessoires personnalisables Gem \u00e9quitation Lookbook\" \/>\n<meta property=\"og:description\" content=\"Retrouvez toutes nos boutiques de selleries partenaires sur notre carte interactive. Partout dans toute la France nos points de ventes.\" \/>\n<meta property=\"og:url\" content=\"https:\/\/gem-equitation.fr\/lookbook\/nos-boutiques\/\" \/>\n<meta property=\"og:site_name\" content=\"V\u00eatements et accessoires personnalisables Gem \u00e9quitation Lookbook\" \/>\n<meta property=\"article:publisher\" content=\"https:\/\/www.facebook.com\/GEMequitation\/\" \/>\n<meta property=\"article:modified_time\" content=\"2025-03-10T16:15:08+00:00\" \/>\n<meta name=\"twitter:card\" content=\"summary_large_image\" \/>\n<meta name=\"twitter:label1\" content=\"Dur\u00e9e de lecture estim\u00e9e\" \/>\n\t<meta name=\"twitter:data1\" content=\"1 minute\" \/>\n<script type=\"application\/ld+json\" class=\"yoast-schema-graph\">{\"@context\":\"https:\/\/schema.org\",\"@graph\":[{\"@type\":\"WebPage\",\"@id\":\"https:\/\/gem-equitation.fr\/lookbook\/nos-boutiques\/\",\"url\":\"https:\/\/gem-equitation.fr\/lookbook\/nos-boutiques\/\",\"name\":\"Nos boutiques - V\u00eatements et accessoires personnalisables Gem \u00e9quitation Lookbook\",\"isPartOf\":{\"@id\":\"https:\/\/gem-equitation.fr\/lookbook\/#website\"},\"datePublished\":\"2023-05-29T12:10:19+00:00\",\"dateModified\":\"2025-03-10T16:15:08+00:00\",\"description\":\"Retrouvez toutes nos boutiques de selleries partenaires sur notre carte interactive. Partout dans toute la France nos points de ventes.\",\"breadcrumb\":{\"@id\":\"https:\/\/gem-equitation.fr\/lookbook\/nos-boutiques\/#breadcrumb\"},\"inLanguage\":\"fr-FR\",\"potentialAction\":[{\"@type\":\"ReadAction\",\"target\":[\"https:\/\/gem-equitation.fr\/lookbook\/nos-boutiques\/\"]}]},{\"@type\":\"BreadcrumbList\",\"@id\":\"https:\/\/gem-equitation.fr\/lookbook\/nos-boutiques\/#breadcrumb\",\"itemListElement\":[{\"@type\":\"ListItem\",\"position\":1,\"name\":\"Accueil\",\"item\":\"https:\/\/gem-equitation.fr\/lookbook\/\"},{\"@type\":\"ListItem\",\"position\":2,\"name\":\"Nos boutiques\"}]},{\"@type\":\"WebSite\",\"@id\":\"https:\/\/gem-equitation.fr\/lookbook\/#website\",\"url\":\"https:\/\/gem-equitation.fr\/lookbook\/\",\"name\":\"V\u00eatements et accessoires personnalisables Gem \u00e9quitation Lookbook\",\"description\":\"V\u00eatements et accessoires personnalisables\",\"publisher\":{\"@id\":\"https:\/\/gem-equitation.fr\/lookbook\/#organization\"},\"potentialAction\":[{\"@type\":\"SearchAction\",\"target\":{\"@type\":\"EntryPoint\",\"urlTemplate\":\"https:\/\/gem-equitation.fr\/lookbook\/?s={search_term_string}\"},\"query-input\":{\"@type\":\"PropertyValueSpecification\",\"valueRequired\":true,\"valueName\":\"search_term_string\"}}],\"inLanguage\":\"fr-FR\"},{\"@type\":\"Organization\",\"@id\":\"https:\/\/gem-equitation.fr\/lookbook\/#organization\",\"name\":\"V\u00eatements et accessoires personnalisables Gem \u00e9quitation Lookbook\",\"url\":\"https:\/\/gem-equitation.fr\/lookbook\/\",\"logo\":{\"@type\":\"ImageObject\",\"inLanguage\":\"fr-FR\",\"@id\":\"https:\/\/gem-equitation.fr\/lookbook\/#\/schema\/logo\/image\/\",\"url\":\"https:\/\/gem-equitation.fr\/lookbook\/wp-content\/uploads\/2023\/03\/logo-1678185479.png\",\"contentUrl\":\"https:\/\/gem-equitation.fr\/lookbook\/wp-content\/uploads\/2023\/03\/logo-1678185479.png\",\"width\":500,\"height\":190,\"caption\":\"V\u00eatements et accessoires personnalisables Gem \u00e9quitation Lookbook\"},\"image\":{\"@id\":\"https:\/\/gem-equitation.fr\/lookbook\/#\/schema\/logo\/image\/\"},\"sameAs\":[\"https:\/\/www.facebook.com\/GEMequitation\/\",\"https:\/\/www.instagram.com\/GEMequitation\/\",\"https:\/\/www.pinterest.fr\/GEMequitation\/\"]}]}<\/script>\n<!-- \/ Yoast SEO plugin. -->","yoast_head_json":{"title":"Nos boutiques - V\u00eatements et accessoires personnalisables Gem \u00e9quitation Lookbook","description":"Retrouvez toutes nos boutiques de selleries partenaires sur notre carte interactive. Partout dans toute la France nos points de ventes.","robots":{"index":"index","follow":"follow","max-snippet":"max-snippet:-1","max-image-preview":"max-image-preview:large","max-video-preview":"max-video-preview:-1"},"canonical":"https:\/\/gem-equitation.fr\/lookbook\/nos-boutiques\/","og_locale":"fr_FR","og_type":"article","og_title":"Nos boutiques - V\u00eatements et accessoires personnalisables Gem \u00e9quitation Lookbook","og_description":"Retrouvez toutes nos boutiques de selleries partenaires sur notre carte interactive. Partout dans toute la France nos points de ventes.","og_url":"https:\/\/gem-equitation.fr\/lookbook\/nos-boutiques\/","og_site_name":"V\u00eatements et accessoires personnalisables Gem \u00e9quitation Lookbook","article_publisher":"https:\/\/www.facebook.com\/GEMequitation\/","article_modified_time":"2025-03-10T16:15:08+00:00","twitter_card":"summary_large_image","twitter_misc":{"Dur\u00e9e de lecture estim\u00e9e":"1 minute"},"schema":{"@context":"https:\/\/schema.org","@graph":[{"@type":"WebPage","@id":"https:\/\/gem-equitation.fr\/lookbook\/nos-boutiques\/","url":"https:\/\/gem-equitation.fr\/lookbook\/nos-boutiques\/","name":"Nos boutiques - V\u00eatements et accessoires personnalisables Gem \u00e9quitation Lookbook","isPartOf":{"@id":"https:\/\/gem-equitation.fr\/lookbook\/#website"},"datePublished":"2023-05-29T12:10:19+00:00","dateModified":"2025-03-10T16:15:08+00:00","description":"Retrouvez toutes nos boutiques de selleries partenaires sur notre carte interactive. Partout dans toute la France nos points de ventes.","breadcrumb":{"@id":"https:\/\/gem-equitation.fr\/lookbook\/nos-boutiques\/#breadcrumb"},"inLanguage":"fr-FR","potentialAction":[{"@type":"ReadAction","target":["https:\/\/gem-equitation.fr\/lookbook\/nos-boutiques\/"]}]},{"@type":"BreadcrumbList","@id":"https:\/\/gem-equitation.fr\/lookbook\/nos-boutiques\/#breadcrumb","itemListElement":[{"@type":"ListItem","position":1,"name":"Accueil","item":"https:\/\/gem-equitation.fr\/lookbook\/"},{"@type":"ListItem","position":2,"name":"Nos boutiques"}]},{"@type":"WebSite","@id":"https:\/\/gem-equitation.fr\/lookbook\/#website","url":"https:\/\/gem-equitation.fr\/lookbook\/","name":"V\u00eatements et accessoires personnalisables Gem \u00e9quitation Lookbook","description":"V\u00eatements et accessoires personnalisables","publisher":{"@id":"https:\/\/gem-equitation.fr\/lookbook\/#organization"},"potentialAction":[{"@type":"SearchAction","target":{"@type":"EntryPoint","urlTemplate":"https:\/\/gem-equitation.fr\/lookbook\/?s={search_term_string}"},"query-input":{"@type":"PropertyValueSpecification","valueRequired":true,"valueName":"search_term_string"}}],"inLanguage":"fr-FR"},{"@type":"Organization","@id":"https:\/\/gem-equitation.fr\/lookbook\/#organization","name":"V\u00eatements et accessoires personnalisables Gem \u00e9quitation Lookbook","url":"https:\/\/gem-equitation.fr\/lookbook\/","logo":{"@type":"ImageObject","inLanguage":"fr-FR","@id":"https:\/\/gem-equitation.fr\/lookbook\/#\/schema\/logo\/image\/","url":"https:\/\/gem-equitation.fr\/lookbook\/wp-content\/uploads\/2023\/03\/logo-1678185479.png","contentUrl":"https:\/\/gem-equitation.fr\/lookbook\/wp-content\/uploads\/2023\/03\/logo-1678185479.png","width":500,"height":190,"caption":"V\u00eatements et accessoires personnalisables Gem \u00e9quitation Lookbook"},"image":{"@id":"https:\/\/gem-equitation.fr\/lookbook\/#\/schema\/logo\/image\/"},"sameAs":["https:\/\/www.facebook.com\/GEMequitation\/","https:\/\/www.instagram.com\/GEMequitation\/","https:\/\/www.pinterest.fr\/GEMequitation\/"]}]}},"_links":{"self":[{"href":"https:\/\/gem-equitation.fr\/lookbook\/wp-json\/wp\/v2\/pages\/10306","targetHints":{"allow":["GET"]}}],"collection":[{"href":"https:\/\/gem-equitation.fr\/lookbook\/wp-json\/wp\/v2\/pages"}],"about":[{"href":"https:\/\/gem-equitation.fr\/lookbook\/wp-json\/wp\/v2\/types\/page"}],"author":[{"embeddable":true,"href":"https:\/\/gem-equitation.fr\/lookbook\/wp-json\/wp\/v2\/users\/4"}],"replies":[{"embeddable":true,"href":"https:\/\/gem-equitation.fr\/lookbook\/wp-json\/wp\/v2\/comments?post=10306"}],"version-history":[{"count":8,"href":"https:\/\/gem-equitation.fr\/lookbook\/wp-json\/wp\/v2\/pages\/10306\/revisions"}],"predecessor-version":[{"id":10315,"href":"https:\/\/gem-equitation.fr\/lookbook\/wp-json\/wp\/v2\/pages\/10306\/revisions\/10315"}],"wp:attachment":[{"href":"https:\/\/gem-equitation.fr\/lookbook\/wp-json\/wp\/v2\/media?parent=10306"}],"curies":[{"name":"wp","href":"https:\/\/api.w.org\/{rel}","templated":true}]}}