{"id":73,"date":"2018-08-06T16:36:29","date_gmt":"2018-08-06T14:36:29","guid":{"rendered":"http:\/\/gem-equitation.fr\/lookbook\/?page_id=73"},"modified":"2023-03-22T16:31:50","modified_gmt":"2023-03-22T15:31:50","slug":"contact","status":"publish","type":"page","link":"https:\/\/gem-equitation.fr\/lookbook\/contact\/","title":{"rendered":"CONTACT"},"content":{"rendered":"<section class=\"l-section wpb_row height_medium\"><div class=\"l-section-h i-cf\"><div class=\"g-cols vc_row via_flex valign_top type_default stacking_default\"><div class=\"vc_col-sm-3 wpb_column vc_column_container\"><div class=\"vc_column-inner\"><div class=\"wpb_wrapper\"><\/div><\/div><\/div><div class=\"vc_col-sm-6 wpb_column vc_column_container\"><div class=\"vc_column-inner\"><div class=\"wpb_wrapper\"><div class=\"wpb_text_column\"><div class=\"wpb_wrapper\"><h5 style=\"text-align: center;\">Une question ? Besoin d&rsquo;un renseignement ? N&rsquo;h\u00e9sitez pas \u00e0 nous contacter !<\/h5>\n<\/div><\/div><div class=\"wpforms-container \" id=\"wpforms-10285\"><form id=\"wpforms-form-10285\" class=\"wpforms-validate wpforms-form wpforms-ajax-form\" data-formid=\"10285\" method=\"post\" enctype=\"multipart\/form-data\" action=\"\/lookbook\/wp-json\/wp\/v2\/pages\/73\" data-token=\"e1e22924e0f13f4ab3ba24bb25b20870\" data-token-time=\"1776012341\"><noscript class=\"wpforms-error-noscript\">Veuillez activer JavaScript dans votre navigateur pour remplir ce formulaire.<\/noscript><div class=\"wpforms-field-container\"><div id=\"wpforms-10285-field_0-container\" class=\"wpforms-field wpforms-field-name\" data-field-id=\"0\"><label class=\"wpforms-field-label wpforms-label-hide\" for=\"wpforms-10285-field_0\">Nom <span class=\"wpforms-required-label\">*<\/span><\/label><div class=\"wpforms-field-row wpforms-field-large\"><div class=\"wpforms-field-row-block wpforms-first wpforms-one-half\"><input type=\"text\" id=\"wpforms-10285-field_0\" class=\"wpforms-field-name-first wpforms-field-required\" name=\"wpforms[fields][0][first]\" placeholder=\"Pr\u00e9nom\" required><label for=\"wpforms-10285-field_0\" class=\"wpforms-field-sublabel after wpforms-sublabel-hide\">Pr\u00e9nom<\/label><\/div><div class=\"wpforms-field-row-block wpforms-one-half\"><input type=\"text\" id=\"wpforms-10285-field_0-last\" class=\"wpforms-field-name-last wpforms-field-required\" name=\"wpforms[fields][0][last]\" placeholder=\"Nom\" required><label for=\"wpforms-10285-field_0-last\" class=\"wpforms-field-sublabel after wpforms-sublabel-hide\">Nom<\/label><\/div><\/div><\/div><div id=\"wpforms-10285-field_1-container\" class=\"wpforms-field wpforms-field-email\" data-field-id=\"1\"><label class=\"wpforms-field-label wpforms-label-hide\" for=\"wpforms-10285-field_1\">E-mail <span class=\"wpforms-required-label\">*<\/span><\/label><input type=\"email\" id=\"wpforms-10285-field_1\" class=\"wpforms-field-large wpforms-field-required\" name=\"wpforms[fields][1]\" placeholder=\"E-mail\" spellcheck=\"false\" required><\/div><div id=\"wpforms-10285-field_3-container\" class=\"wpforms-field wpforms-field-text\" data-field-id=\"3\"><label class=\"wpforms-field-label wpforms-label-hide\" for=\"wpforms-10285-field_3\">Objet<\/label><input type=\"text\" id=\"wpforms-10285-field_3\" class=\"wpforms-field-large\" name=\"wpforms[fields][3]\" placeholder=\"Objet\" ><\/div><div id=\"wpforms-10285-field_2-container\" class=\"wpforms-field wpforms-field-textarea\" data-field-id=\"2\"><label class=\"wpforms-field-label wpforms-label-hide\" for=\"wpforms-10285-field_2\">Votre message<\/label><textarea id=\"wpforms-10285-field_2\" class=\"wpforms-field-medium\" name=\"wpforms[fields][2]\" placeholder=\"Votre message\" ><\/textarea><\/div><\/div><!-- .wpforms-field-container --><div class=\"wpforms-recaptcha-container wpforms-is-recaptcha wpforms-is-recaptcha-type-v3\" ><input type=\"hidden\" name=\"wpforms[recaptcha]\" value=\"\"><\/div><div class=\"wpforms-submit-container\" ><input type=\"hidden\" name=\"wpforms[id]\" value=\"10285\"><input type=\"hidden\" name=\"page_title\" value=\"\"><input type=\"hidden\" name=\"page_url\" value=\"https:\/\/gem-equitation.fr\/lookbook\/wp-json\/wp\/v2\/pages\/73\"><input type=\"hidden\" name=\"url_referer\" value=\"\"><button type=\"submit\" name=\"wpforms[submit]\" id=\"wpforms-submit-10285\" class=\"wpforms-submit\" data-alt-text=\"Envoi...\" data-submit-text=\"Envoyer\" aria-live=\"assertive\" value=\"wpforms-submit\">Envoyer<\/button><img loading=\"lazy\" decoding=\"async\" src=\"https:\/\/gem-equitation.fr\/lookbook\/wp-content\/plugins\/wpforms\/assets\/images\/submit-spin.svg\" class=\"wpforms-submit-spinner\" style=\"display: none;\" width=\"26\" height=\"26\" alt=\"Chargement en cours\"><\/div><\/form><\/div>  <!-- .wpforms-container --><div class=\"w-separator size_medium with_line width_default thick_1 style_solid color_border align_center\"><div class=\"w-separator-h\"><\/div><\/div><div class=\"wpb_text_column\"><div class=\"wpb_wrapper\"><h6 style=\"text-align: center;\">Suivez-nous sur les r\u00e9seaux !<\/h6>\n<\/div><\/div><div class=\"w-socials us_custom_3d6bfe27 align_center color_brand shape_square style_default hover_fade\" style=\"--gap:0.1em;\"><div class=\"w-socials-list\"><div class=\"w-socials-item facebook\"><a target=\"_blank\" rel=\"nofollow\" href=\"https:\/\/www.facebook.com\/GEMequitation\/\" class=\"w-socials-item-link\" aria-label=\"Facebook\"><span class=\"w-socials-item-link-hover\"><\/span><i class=\"fab fa-facebook\"><\/i><\/a><div class=\"w-socials-item-popup\"><span>Facebook<\/span><\/div><\/div><div class=\"w-socials-item pinterest\"><a target=\"_blank\" rel=\"nofollow\" href=\"https:\/\/www.pinterest.fr\/GEMequitation\/\" class=\"w-socials-item-link\" aria-label=\"Pinterest\"><span class=\"w-socials-item-link-hover\"><\/span><i class=\"fab fa-pinterest\"><\/i><\/a><div class=\"w-socials-item-popup\"><span>Pinterest<\/span><\/div><\/div><div class=\"w-socials-item instagram\"><a target=\"_blank\" rel=\"nofollow\" href=\"https:\/\/www.instagram.com\/GEMequitation\/\" class=\"w-socials-item-link\" aria-label=\"Instagram\"><span class=\"w-socials-item-link-hover\"><\/span><i class=\"fab fa-instagram\"><\/i><\/a><div class=\"w-socials-item-popup\"><span>Instagram<\/span><\/div><\/div><\/div><\/div><\/div><\/div><\/div><div class=\"vc_col-sm-3 wpb_column vc_column_container\"><div class=\"vc_column-inner\"><div class=\"wpb_wrapper\"><\/div><\/div><\/div><\/div><\/div><\/section>\n","protected":false},"excerpt":{"rendered":"Une question ? Besoin d&rsquo;un renseignement ? N&rsquo;h\u00e9sitez pas \u00e0 nous contacter ! Veuillez activer JavaScript dans votre navigateur pour remplir ce formulaire.Nom *Pr\u00e9nomNomE-mail *ObjetVotre messageEnvoyer Suivez-nous sur les r\u00e9seaux ! FacebookPinterestInstagram","protected":false},"author":1,"featured_media":0,"parent":0,"menu_order":0,"comment_status":"closed","ping_status":"closed","template":"","meta":{"_acf_changed":false,"inline_featured_image":false,"_monsterinsights_skip_tracking":false,"_monsterinsights_sitenote_active":false,"_monsterinsights_sitenote_note":"","_monsterinsights_sitenote_category":0,"footnotes":""},"class_list":["post-73","page","type-page","status-publish","hentry"],"acf":[],"aioseo_notices":[],"yoast_head":"<!-- This site is optimized with the Yoast SEO plugin v26.8 - https:\/\/yoast.com\/product\/yoast-seo-wordpress\/ -->\n<title>CONTACT - V\u00eatements et accessoires personnalisables Gem \u00e9quitation Lookbook<\/title>\n<meta name=\"robots\" content=\"index, follow, max-snippet:-1, max-image-preview:large, max-video-preview:-1\" \/>\n<link rel=\"canonical\" href=\"https:\/\/gem-equitation.fr\/lookbook\/contact\/\" \/>\n<meta property=\"og:locale\" content=\"fr_FR\" \/>\n<meta property=\"og:type\" content=\"article\" \/>\n<meta property=\"og:title\" content=\"CONTACT - V\u00eatements et accessoires personnalisables Gem \u00e9quitation Lookbook\" \/>\n<meta property=\"og:url\" content=\"https:\/\/gem-equitation.fr\/lookbook\/contact\/\" \/>\n<meta property=\"og:site_name\" content=\"V\u00eatements et accessoires personnalisables Gem \u00e9quitation Lookbook\" \/>\n<meta property=\"article:publisher\" content=\"https:\/\/www.facebook.com\/GEMequitation\/\" \/>\n<meta property=\"article:modified_time\" content=\"2023-03-22T15:31:50+00:00\" \/>\n<meta name=\"twitter:card\" content=\"summary_large_image\" \/>\n<meta name=\"twitter:label1\" content=\"Dur\u00e9e de lecture estim\u00e9e\" \/>\n\t<meta name=\"twitter:data1\" content=\"1 minute\" \/>\n<script type=\"application\/ld+json\" class=\"yoast-schema-graph\">{\"@context\":\"https:\/\/schema.org\",\"@graph\":[{\"@type\":\"WebPage\",\"@id\":\"https:\/\/gem-equitation.fr\/lookbook\/contact\/\",\"url\":\"https:\/\/gem-equitation.fr\/lookbook\/contact\/\",\"name\":\"CONTACT - V\u00eatements et accessoires personnalisables Gem \u00e9quitation Lookbook\",\"isPartOf\":{\"@id\":\"https:\/\/gem-equitation.fr\/lookbook\/#website\"},\"datePublished\":\"2018-08-06T14:36:29+00:00\",\"dateModified\":\"2023-03-22T15:31:50+00:00\",\"breadcrumb\":{\"@id\":\"https:\/\/gem-equitation.fr\/lookbook\/contact\/#breadcrumb\"},\"inLanguage\":\"fr-FR\",\"potentialAction\":[{\"@type\":\"ReadAction\",\"target\":[\"https:\/\/gem-equitation.fr\/lookbook\/contact\/\"]}]},{\"@type\":\"BreadcrumbList\",\"@id\":\"https:\/\/gem-equitation.fr\/lookbook\/contact\/#breadcrumb\",\"itemListElement\":[{\"@type\":\"ListItem\",\"position\":1,\"name\":\"Accueil\",\"item\":\"https:\/\/gem-equitation.fr\/lookbook\/\"},{\"@type\":\"ListItem\",\"position\":2,\"name\":\"CONTACT\"}]},{\"@type\":\"WebSite\",\"@id\":\"https:\/\/gem-equitation.fr\/lookbook\/#website\",\"url\":\"https:\/\/gem-equitation.fr\/lookbook\/\",\"name\":\"V\u00eatements et accessoires personnalisables Gem \u00e9quitation Lookbook\",\"description\":\"V\u00eatements et accessoires personnalisables\",\"publisher\":{\"@id\":\"https:\/\/gem-equitation.fr\/lookbook\/#organization\"},\"potentialAction\":[{\"@type\":\"SearchAction\",\"target\":{\"@type\":\"EntryPoint\",\"urlTemplate\":\"https:\/\/gem-equitation.fr\/lookbook\/?s={search_term_string}\"},\"query-input\":{\"@type\":\"PropertyValueSpecification\",\"valueRequired\":true,\"valueName\":\"search_term_string\"}}],\"inLanguage\":\"fr-FR\"},{\"@type\":\"Organization\",\"@id\":\"https:\/\/gem-equitation.fr\/lookbook\/#organization\",\"name\":\"V\u00eatements et accessoires personnalisables Gem \u00e9quitation Lookbook\",\"url\":\"https:\/\/gem-equitation.fr\/lookbook\/\",\"logo\":{\"@type\":\"ImageObject\",\"inLanguage\":\"fr-FR\",\"@id\":\"https:\/\/gem-equitation.fr\/lookbook\/#\/schema\/logo\/image\/\",\"url\":\"https:\/\/gem-equitation.fr\/lookbook\/wp-content\/uploads\/2023\/03\/logo-1678185479.png\",\"contentUrl\":\"https:\/\/gem-equitation.fr\/lookbook\/wp-content\/uploads\/2023\/03\/logo-1678185479.png\",\"width\":500,\"height\":190,\"caption\":\"V\u00eatements et accessoires personnalisables Gem \u00e9quitation Lookbook\"},\"image\":{\"@id\":\"https:\/\/gem-equitation.fr\/lookbook\/#\/schema\/logo\/image\/\"},\"sameAs\":[\"https:\/\/www.facebook.com\/GEMequitation\/\",\"https:\/\/www.instagram.com\/GEMequitation\/\",\"https:\/\/www.pinterest.fr\/GEMequitation\/\"]}]}<\/script>\n<!-- \/ Yoast SEO plugin. -->","yoast_head_json":{"title":"CONTACT - V\u00eatements et accessoires personnalisables Gem \u00e9quitation Lookbook","robots":{"index":"index","follow":"follow","max-snippet":"max-snippet:-1","max-image-preview":"max-image-preview:large","max-video-preview":"max-video-preview:-1"},"canonical":"https:\/\/gem-equitation.fr\/lookbook\/contact\/","og_locale":"fr_FR","og_type":"article","og_title":"CONTACT - V\u00eatements et accessoires personnalisables Gem \u00e9quitation Lookbook","og_url":"https:\/\/gem-equitation.fr\/lookbook\/contact\/","og_site_name":"V\u00eatements et accessoires personnalisables Gem \u00e9quitation Lookbook","article_publisher":"https:\/\/www.facebook.com\/GEMequitation\/","article_modified_time":"2023-03-22T15:31:50+00:00","twitter_card":"summary_large_image","twitter_misc":{"Dur\u00e9e de lecture estim\u00e9e":"1 minute"},"schema":{"@context":"https:\/\/schema.org","@graph":[{"@type":"WebPage","@id":"https:\/\/gem-equitation.fr\/lookbook\/contact\/","url":"https:\/\/gem-equitation.fr\/lookbook\/contact\/","name":"CONTACT - V\u00eatements et accessoires personnalisables Gem \u00e9quitation Lookbook","isPartOf":{"@id":"https:\/\/gem-equitation.fr\/lookbook\/#website"},"datePublished":"2018-08-06T14:36:29+00:00","dateModified":"2023-03-22T15:31:50+00:00","breadcrumb":{"@id":"https:\/\/gem-equitation.fr\/lookbook\/contact\/#breadcrumb"},"inLanguage":"fr-FR","potentialAction":[{"@type":"ReadAction","target":["https:\/\/gem-equitation.fr\/lookbook\/contact\/"]}]},{"@type":"BreadcrumbList","@id":"https:\/\/gem-equitation.fr\/lookbook\/contact\/#breadcrumb","itemListElement":[{"@type":"ListItem","position":1,"name":"Accueil","item":"https:\/\/gem-equitation.fr\/lookbook\/"},{"@type":"ListItem","position":2,"name":"CONTACT"}]},{"@type":"WebSite","@id":"https:\/\/gem-equitation.fr\/lookbook\/#website","url":"https:\/\/gem-equitation.fr\/lookbook\/","name":"V\u00eatements et accessoires personnalisables Gem \u00e9quitation Lookbook","description":"V\u00eatements et accessoires personnalisables","publisher":{"@id":"https:\/\/gem-equitation.fr\/lookbook\/#organization"},"potentialAction":[{"@type":"SearchAction","target":{"@type":"EntryPoint","urlTemplate":"https:\/\/gem-equitation.fr\/lookbook\/?s={search_term_string}"},"query-input":{"@type":"PropertyValueSpecification","valueRequired":true,"valueName":"search_term_string"}}],"inLanguage":"fr-FR"},{"@type":"Organization","@id":"https:\/\/gem-equitation.fr\/lookbook\/#organization","name":"V\u00eatements et accessoires personnalisables Gem \u00e9quitation Lookbook","url":"https:\/\/gem-equitation.fr\/lookbook\/","logo":{"@type":"ImageObject","inLanguage":"fr-FR","@id":"https:\/\/gem-equitation.fr\/lookbook\/#\/schema\/logo\/image\/","url":"https:\/\/gem-equitation.fr\/lookbook\/wp-content\/uploads\/2023\/03\/logo-1678185479.png","contentUrl":"https:\/\/gem-equitation.fr\/lookbook\/wp-content\/uploads\/2023\/03\/logo-1678185479.png","width":500,"height":190,"caption":"V\u00eatements et accessoires personnalisables Gem \u00e9quitation Lookbook"},"image":{"@id":"https:\/\/gem-equitation.fr\/lookbook\/#\/schema\/logo\/image\/"},"sameAs":["https:\/\/www.facebook.com\/GEMequitation\/","https:\/\/www.instagram.com\/GEMequitation\/","https:\/\/www.pinterest.fr\/GEMequitation\/"]}]}},"_links":{"self":[{"href":"https:\/\/gem-equitation.fr\/lookbook\/wp-json\/wp\/v2\/pages\/73","targetHints":{"allow":["GET"]}}],"collection":[{"href":"https:\/\/gem-equitation.fr\/lookbook\/wp-json\/wp\/v2\/pages"}],"about":[{"href":"https:\/\/gem-equitation.fr\/lookbook\/wp-json\/wp\/v2\/types\/page"}],"author":[{"embeddable":true,"href":"https:\/\/gem-equitation.fr\/lookbook\/wp-json\/wp\/v2\/users\/1"}],"replies":[{"embeddable":true,"href":"https:\/\/gem-equitation.fr\/lookbook\/wp-json\/wp\/v2\/comments?post=73"}],"version-history":[{"count":9,"href":"https:\/\/gem-equitation.fr\/lookbook\/wp-json\/wp\/v2\/pages\/73\/revisions"}],"predecessor-version":[{"id":10290,"href":"https:\/\/gem-equitation.fr\/lookbook\/wp-json\/wp\/v2\/pages\/73\/revisions\/10290"}],"wp:attachment":[{"href":"https:\/\/gem-equitation.fr\/lookbook\/wp-json\/wp\/v2\/media?parent=73"}],"curies":[{"name":"wp","href":"https:\/\/api.w.org\/{rel}","templated":true}]}}